{"id":507,"date":"2025-11-10T14:36:10","date_gmt":"2025-11-10T13:36:10","guid":{"rendered":"https:\/\/www.compact-composite.cz\/?page_id=507"},"modified":"2026-02-23T10:39:11","modified_gmt":"2026-02-23T09:39:11","slug":"rucni-kontaktni-laminace-copy","status":"publish","type":"page","link":"https:\/\/www.compact-composite.cz\/ru\/%d1%82%d0%b5%d1%85%d0%bd%d0%be%d0%bb%d0%be%d0%b3%d0%b8%d0%b8\/rucni-kontaktni-laminace-copy\/","title":{"rendered":"SPRAY \u2013 UP GRP\/FRP"},"content":{"rendered":"<p>\u0422\u0435\u0445\u043d\u043e\u043b\u043e\u0433\u0438\u044f, \u043f\u0440\u0438 \u043a\u043e\u0442\u043e\u0440\u043e\u0439 \u043c\u0430\u0442\u0435\u0440\u0438\u0430\u043b \u043d\u0430\u043d\u043e\u0441\u0438\u0442\u0441\u044f \u0440\u0430\u0441\u043f\u044b\u043b\u0435\u043d\u0438\u0435\u043c. \u0421\u043c\u043e\u043b\u0430 + \u043e\u0442\u0432\u0435\u0440\u0434\u0438\u0442\u0435\u043b\u044c \u0438 \u0440\u0443\u0431\u043b\u0435\u043d\u044b\u0439 \u0440\u043e\u0432\u0438\u043d\u0433. \u042d\u0442\u0430 \u0441\u043c\u0435\u0441\u044c \u043f\u043e\u0441\u0442\u0443\u043f\u0430\u0435\u0442 \u0432 \u0444\u043e\u0440\u043c\u0443, \u043a\u043e\u0442\u043e\u0440\u0430\u044f \u0437\u0430\u0442\u0435\u043c \u043e\u0431\u0440\u0430\u0431\u0430\u0442\u044b\u0432\u0430\u0435\u0442\u0441\u044f \u0442\u0430\u043a \u0436\u0435, \u043a\u0430\u043a \u043f\u0440\u0438 \u0440\u0443\u0447\u043d\u043e\u043c \u043b\u0430\u043c\u0438\u043d\u0438\u0440\u043e\u0432\u0430\u043d\u0438\u0438. \u041f\u0440\u0435\u0438\u043c\u0443\u0449\u0435\u0441\u0442\u0432\u043e\u043c \u044f\u0432\u043b\u044f\u0435\u0442\u0441\u044f \u0431\u043e\u043b\u0435\u0435 \u0431\u044b\u0441\u0442\u0440\u043e\u0435 \u043d\u0430\u043d\u0435\u0441\u0435\u043d\u0438\u0435 \u043c\u0430\u0442\u0435\u0440\u0438\u0430\u043b\u0430. \u042d\u0442\u0430 \u0442\u0435\u0445\u043d\u043e\u043b\u043e\u0433\u0438\u044f \u043f\u043e\u0434\u0445\u043e\u0434\u0438\u0442 \u0434\u043b\u044f \u043e\u0431\u0440\u0430\u0431\u043e\u0442\u043a\u0438 \u0438\u0437\u0434\u0435\u043b\u0438\u0439 \u0431\u043e\u043b\u044c\u0448\u0438\u0445 \u0440\u0430\u0437\u043c\u0435\u0440\u043e\u0432. \u041f\u043e\u0434\u0445\u043e\u0434\u0438\u0442 \u0434\u043b\u044f \u0438\u0441\u043f\u043e\u043b\u044c\u0437\u043e\u0432\u0430\u043d\u0438\u044f \u0432 \u0430\u0432\u0442\u043e\u043c\u043e\u0431\u0438\u043b\u0435\u0441\u0442\u0440\u043e\u0435\u043d\u0438\u0438, \u0436\u0435\u043b\u0435\u0437\u043d\u043e\u0434\u043e\u0440\u043e\u0436\u043d\u043e\u043c \u0442\u0440\u0430\u043d\u0441\u043f\u043e\u0440\u0442\u0435, \u0442\u0430\u043d\u043a\u0430\u0445 \u0438 \u0441\u0443\u0434\u0430\u0445.<\/p>\n<p>&nbsp;<\/p>\n\n<p>&nbsp;<\/p>\n<div class=\"frm_forms  with_frm_style frm_style_formidable-style\" id=\"frm_form_7_container\" >\n<form enctype=\"multipart\/form-data\" method=\"post\" class=\"frm-show-form  frm_ajax_submit  frm_pro_form \" id=\"form_sojcy\" >\n<div class=\"frm_form_fields \">\n<fieldset>\n<legend class=\"frm_screen_reader\">\u0424\u043e\u0440\u043c\u0430 \u0437\u0430\u043f\u0440\u043e\u0441\u0430<\/legend>\r\n<h3 class=\"frm_form_title\">\u0424\u043e\u0440\u043c\u0430 \u0437\u0430\u043f\u0440\u043e\u0441\u0430<\/h3>\r\n<div class=\"frm_fields_container\">\n<input type=\"hidden\" name=\"frm_action\" value=\"create\" \/>\n<input type=\"hidden\" name=\"form_id\" value=\"7\" \/>\n<input type=\"hidden\" name=\"frm_hide_fields_7\" id=\"frm_hide_fields_7\" value=\"\" \/>\n<input type=\"hidden\" name=\"form_key\" value=\"sojcy\" \/>\n<input type=\"hidden\" name=\"item_meta[0]\" value=\"\" \/>\n<input type=\"hidden\" id=\"frm_submit_entry_7\" name=\"frm_submit_entry_7\" value=\"aea89aa429\" \/><input type=\"hidden\" name=\"_wp_http_referer\" value=\"\/ru\/wp-json\/wp\/v2\/pages\/507\" \/><div id=\"frm_field_71_container\" class=\"frm_form_field form-field  frm_required_field frm_top_container frm_half frm_first\">\r\n    <label for=\"field_ws0vx\" class=\"frm_primary_label\">\u0438\u043c\u044f\r\n        <span class=\"frm_required\">*<\/span>\r\n    <\/label>\r\n    <input  type=\"text\" id=\"field_ws0vx\" name=\"item_meta[71]\" value=\"\"  placeholder=\"Va\u0161e jm\u00e9no\" data-reqmsg=\"\u042d\u0442\u043e \u043f\u043e\u043b\u0435 \u043d\u0435 \u043c\u043e\u0436\u0435\u0442 \u0431\u044b\u0442\u044c \u043f\u0443\u0441\u0442\u044b\u043c.\" aria-required=\"true\" data-invmsg=\"Text is invalid\" aria-invalid=\"false\"   \/>\r\n    \r\n    \r\n<\/div>\n<div id=\"frm_field_72_container\" class=\"frm_form_field form-field  frm_required_field frm_top_container frm_half frm_alignright\">\r\n    <label for=\"field_3543h\" class=\"frm_primary_label\">\u0444\u0430\u043c\u0438\u043b\u0438\u044f\r\n        <span class=\"frm_required\">*<\/span>\r\n    <\/label>\r\n    <input  type=\"text\" id=\"field_3543h\" name=\"item_meta[72]\" value=\"\"  placeholder=\"Va\u0161e p\u0159\u00edjmen\u00ed\" data-reqmsg=\"\u042d\u0442\u043e \u043f\u043e\u043b\u0435 \u043d\u0435 \u043c\u043e\u0436\u0435\u0442 \u0431\u044b\u0442\u044c \u043f\u0443\u0441\u0442\u044b\u043c.\" aria-required=\"true\" data-invmsg=\"Text is invalid\" aria-invalid=\"false\"   \/>\r\n    \r\n    \r\n<\/div>\n<div id=\"frm_field_73_container\" class=\"frm_form_field form-field  frm_required_field frm_top_container frm_first frm_half\">\r\n    <label for=\"field_n8aok\" class=\"frm_primary_label\">\u044d\u043c\u0430\u043b\u044c\r\n        <span class=\"frm_required\">*<\/span>\r\n    <\/label>\r\n    <input type=\"email\" id=\"field_n8aok\" name=\"item_meta[73]\" value=\"\"  placeholder=\"@\" data-reqmsg=\"\u042d\u0442\u043e \u043f\u043e\u043b\u0435 \u043d\u0435 \u043c\u043e\u0436\u0435\u0442 \u0431\u044b\u0442\u044c \u043f\u0443\u0441\u0442\u044b\u043c.\" aria-required=\"true\" data-invmsg=\"\u041d\u0435\u0434\u0435\u0439\u0441\u0442\u0432\u0438\u0442\u0435\u043b\u044c\u043d\u044b\u0439 \u0430\u0434\u0440\u0435\u0441 \u044d\u043b\u0435\u043a\u0442\u0440\u043e\u043d\u043d\u043e\u0439 \u043f\u043e\u0447\u0442\u044b.\" aria-invalid=\"false\"  \/>\r\n    \r\n    \r\n<\/div>\n<div id=\"frm_field_74_container\" class=\"frm_form_field form-field  frm_required_field frm_top_container frm_half frm_alignright\">\r\n    <label for=\"field_6fx26\" class=\"frm_primary_label\">\u0442\u0435\u043b\u0435\u0444\u043e\u043d\r\n        <span class=\"frm_required\">*<\/span>\r\n    <\/label>\r\n    <input  type=\"text\" id=\"field_6fx26\" name=\"item_meta[74]\" value=\"\"  placeholder=\"+420\" data-reqmsg=\"\u042d\u0442\u043e \u043f\u043e\u043b\u0435 \u043d\u0435 \u043c\u043e\u0436\u0435\u0442 \u0431\u044b\u0442\u044c \u043f\u0443\u0441\u0442\u044b\u043c.\" aria-required=\"true\" data-invmsg=\"Text is invalid\" aria-invalid=\"false\"   \/>\r\n    \r\n    \r\n<\/div>\n<div id=\"frm_field_75_container\" class=\"frm_form_field form-field  frm_required_field frm_top_container\">\r\n    <label for=\"field_7pukz\" class=\"frm_primary_label\">\u0421\u043e\u043e\u0431\u0449\u0435\u043d\u0438\u0435\r\n        <span class=\"frm_required\">*<\/span>\r\n    <\/label>\r\n    <textarea name=\"item_meta[75]\" id=\"field_7pukz\" rows=\"5\"  placeholder=\"Dobr\u00fd den,\" data-reqmsg=\"\u042d\u0442\u043e \u043f\u043e\u043b\u0435 \u043d\u0435 \u043c\u043e\u0436\u0435\u0442 \u0431\u044b\u0442\u044c \u043f\u0443\u0441\u0442\u044b\u043c.\" aria-required=\"true\" data-invmsg=\"\u0421\u043e\u043e\u0431\u0449\u0435\u043d\u0438\u0435 \u043d\u0435\u0434\u0435\u0439\u0441\u0442\u0432\u0438\u0442\u0435\u043b\u0435\u043d\" aria-invalid=\"false\"  ><\/textarea>\r\n    \r\n    \r\n<\/div>\n<div id=\"frm_field_77_container\" class=\"frm_form_field form-field  frm_none_container\">\n    <label  class=\"frm_primary_label\">reCAPTCHA\n        <span class=\"frm_required\"><\/span>\n    <\/label>\n    <div  id=\"field_11wwx\" class=\"g-recaptcha\" data-sitekey=\"6Le0bU8UAAAAAAsobdyO-iaiDk65sCKhzXMNUKpZ\" data-size=\"invisible\" data-theme=\"light\" data-callback=\"frmAfterRecaptcha\"><\/div>\n    \n    \n<\/div>\n<div id=\"frm_field_78_container\" class=\"frm_form_field form-field  frm_required_field frm_none_container vertical_radio\">\n    <div  id=\"field_3ovl2_label\" class=\"frm_primary_label\">\n        <span class=\"frm_required\">*<\/span>\n    <\/div>\n    <div class=\"frm_opt_container\" aria-labelledby=\"field_3ovl2_label\" role=\"group\">\t\t<div class=\"frm_checkbox\" id=\"frm_checkbox_78-0\">\t\t\t<label  for=\"field_3ovl2-0\">\n\t\t\t<input type=\"checkbox\" name=\"item_meta[78][]\" id=\"field_3ovl2-0\" value=\"Souhlas\u00edm se &lt;a href=&quot;https:\/\/www.compact-composite.cz\/wp-content\/uploads\/2019\/06\/INFORMOV\u00c1N\u00cd-O-ZPRACOV\u00c1N\u00cd-OSOBN\u00cdCH-\u00daDAJ\u016e.pdf&quot;&gt;zpracov\u00e1n\u00edm osobn\u00edch \u00fadaj\u016f&lt;\/a&gt;\"  data-reqmsg=\"This field cannot be blank.\" data-invmsg=\"This field \u043d\u0435\u0434\u0435\u0439\u0441\u0442\u0432\u0438\u0442\u0435\u043b\u0435\u043d\"   aria-required=\"true\"  \/> Souhlas\u00edm se <a href=\"https:\/\/www.compact-composite.cz\/wp-content\/uploads\/2019\/06\/INFORMOV\u00c1N\u00cd-O-ZPRACOV\u00c1N\u00cd-OSOBN\u00cdCH-\u00daDAJ\u016e.pdf\">zpracov\u00e1n\u00edm osobn\u00edch \u00fadaj\u016f<\/a><\/label><\/div>\n<\/div>\n    \n    \n<\/div>\n\t<input type=\"hidden\" name=\"item_key\" value=\"\" \/>\n\t\t\t<div id=\"frm_field_79_container\">\n\t\t\t<label for=\"field_8rb9e\" >\n\t\t\t\t\u0415\u0441\u043b\u0438 \u0432\u044b \u0447\u0435\u043b\u043e\u0432\u0435\u043a, \u043e\u0441\u0442\u0430\u0432\u044c\u0442\u0435 \u044d\u0442\u043e \u043f\u043e\u043b\u0435 \u043f\u0443\u0441\u0442\u044b\u043c.\t\t\t<\/label>\n\t\t\t<input  id=\"field_8rb9e\" type=\"text\" class=\"frm_form_field form-field frm_verify\" name=\"item_meta[79]\" value=\"\"  \/>\n\t\t<\/div>\n\t\t<input name=\"frm_state\" type=\"hidden\" value=\"EwzrzBWJy3R6Um9WZvI2Q+iAlgoiq8NtXiUr2pZ5x61jybX1\/r8mmxMy+fFEsjg3\" \/><div class=\"frm_submit\">\r\n\r\n<button class=\"frm_button_submit frm_final_submit\" type=\"submit\"   formnovalidate=\"formnovalidate\">\u043f\u043e\u0441\u043b\u0430\u0442\u044c<\/button>\r\n\r\n<\/div><\/div>\n<\/fieldset>\n<\/div>\n\n<\/form>\n<\/div>\n\n","protected":false},"excerpt":{"rendered":"<p>\u0422\u0435\u0445\u043d\u043e\u043b\u043e\u0433\u0438\u044f, \u043f\u0440\u0438 \u043a\u043e\u0442\u043e\u0440\u043e\u0439 \u043c\u0430\u0442\u0435\u0440\u0438\u0430\u043b \u043d\u0430\u043d\u043e\u0441\u0438\u0442\u0441\u044f \u0440\u0430\u0441\u043f\u044b\u043b\u0435\u043d\u0438\u0435\u043c. \u0421\u043c\u043e\u043b\u0430 + \u043e\u0442\u0432\u0435\u0440\u0434\u0438\u0442\u0435\u043b\u044c \u0438 \u0440\u0443\u0431\u043b\u0435\u043d\u044b\u0439 \u0440\u043e\u0432\u0438\u043d\u0433. \u042d\u0442\u0430 \u0441\u043c\u0435\u0441\u044c \u043f\u043e\u0441\u0442\u0443\u043f\u0430\u0435\u0442 \u0432 \u0444\u043e\u0440\u043c\u0443, \u043a\u043e\u0442\u043e\u0440\u0430\u044f \u0437\u0430\u0442\u0435\u043c \u043e\u0431\u0440\u0430\u0431\u0430\u0442\u044b\u0432\u0430\u0435\u0442\u0441\u044f \u0442\u0430\u043a \u0436\u0435, \u043a\u0430\u043a \u043f\u0440\u0438 \u0440\u0443\u0447\u043d\u043e\u043c \u043b\u0430\u043c\u0438\u043d\u0438\u0440\u043e\u0432\u0430\u043d\u0438\u0438. \u041f\u0440\u0435\u0438\u043c\u0443\u0449\u0435\u0441\u0442\u0432\u043e\u043c \u044f\u0432\u043b\u044f\u0435\u0442\u0441\u044f \u0431\u043e\u043b\u0435\u0435 \u0431\u044b\u0441\u0442\u0440\u043e\u0435 \u043d\u0430\u043d\u0435\u0441\u0435\u043d\u0438\u0435 \u043c\u0430\u0442\u0435\u0440\u0438\u0430\u043b\u0430. \u042d\u0442\u0430 \u0442\u0435\u0445\u043d\u043e\u043b\u043e\u0433\u0438\u044f \u043f\u043e\u0434\u0445\u043e\u0434\u0438\u0442 \u0434\u043b\u044f \u043e\u0431\u0440\u0430\u0431\u043e\u0442\u043a\u0438 \u0438\u0437\u0434\u0435\u043b\u0438\u0439 \u0431\u043e\u043b\u044c\u0448\u0438\u0445 \u0440\u0430\u0437\u043c\u0435\u0440\u043e\u0432. \u041f\u043e\u0434\u0445\u043e\u0434\u0438\u0442 \u0434\u043b\u044f \u0438\u0441\u043f\u043e\u043b\u044c\u0437\u043e\u0432\u0430\u043d\u0438\u044f \u0432 \u0430\u0432\u0442\u043e\u043c\u043e\u0431\u0438\u043b\u0435\u0441\u0442\u0440\u043e\u0435\u043d\u0438\u0438, \u0436\u0435\u043b\u0435\u0437\u043d\u043e\u0434\u043e\u0440\u043e\u0436\u043d\u043e\u043c \u0442\u0440\u0430\u043d\u0441\u043f\u043e\u0440\u0442\u0435, \u0442\u0430\u043d\u043a\u0430\u0445 \u0438 \u0441\u0443\u0434\u0430\u0445. &nbsp; &nbsp;<\/p>\n","protected":false},"author":1,"featured_media":0,"parent":196,"menu_order":1,"comment_status":"closed","ping_status":"closed","template":"template-vyrobni-technologie.php","meta":{"_acf_changed":false,"footnotes":""},"class_list":["post-507","page","type-page","status-publish","hentry"],"acf":[],"_links":{"self":[{"href":"https:\/\/www.compact-composite.cz\/ru\/wp-json\/wp\/v2\/pages\/507","targetHints":{"allow":["GET"]}}],"collection":[{"href":"https:\/\/www.compact-composite.cz\/ru\/wp-json\/wp\/v2\/pages"}],"about":[{"href":"https:\/\/www.compact-composite.cz\/ru\/wp-json\/wp\/v2\/types\/page"}],"author":[{"embeddable":true,"href":"https:\/\/www.compact-composite.cz\/ru\/wp-json\/wp\/v2\/users\/1"}],"replies":[{"embeddable":true,"href":"https:\/\/www.compact-composite.cz\/ru\/wp-json\/wp\/v2\/comments?post=507"}],"version-history":[{"count":1,"href":"https:\/\/www.compact-composite.cz\/ru\/wp-json\/wp\/v2\/pages\/507\/revisions"}],"predecessor-version":[{"id":514,"href":"https:\/\/www.compact-composite.cz\/ru\/wp-json\/wp\/v2\/pages\/507\/revisions\/514"}],"up":[{"embeddable":true,"href":"https:\/\/www.compact-composite.cz\/ru\/wp-json\/wp\/v2\/pages\/196"}],"wp:attachment":[{"href":"https:\/\/www.compact-composite.cz\/ru\/wp-json\/wp\/v2\/media?parent=507"}],"curies":[{"name":"wp","href":"https:\/\/api.w.org\/{rel}","templated":true}]}}