{"id":207,"date":"2018-03-06T09:26:15","date_gmt":"2018-03-06T08:26:15","guid":{"rendered":"http:\/\/vx3592500.server2.imperialmedia.cz\/kontakty\/"},"modified":"2018-03-28T09:47:40","modified_gmt":"2018-03-28T07:47:40","slug":"%d0%ba%d0%be%d0%bd%d1%82%d0%b0%d0%ba%d1%82%d1%8b","status":"publish","type":"page","link":"https:\/\/www.compact-composite.cz\/ru\/%d0%ba%d0%be%d0%bd%d1%82%d0%b0%d0%ba%d1%82%d1%8b\/","title":{"rendered":"\u041a\u043e\u043d\u0442\u0430\u043a\u0442\u044b"},"content":{"rendered":"\t\t<div data-elementor-type=\"wp-page\" data-elementor-id=\"207\" class=\"elementor elementor-207 elementor-25 elementor-bc-flex-widget\">\n\t\t\t\t\t\t<section class=\"elementor-section elementor-top-section elementor-element elementor-element-c4bf973 elementor-section-boxed elementor-section-height-default elementor-section-height-default\" data-id=\"c4bf973\" data-element_type=\"section\" data-e-type=\"section\">\n\t\t\t\t\t\t<div class=\"elementor-container elementor-column-gap-default\">\n\t\t\t\t\t<div class=\"elementor-column elementor-col-33 elementor-top-column elementor-element elementor-element-41d3296\" data-id=\"41d3296\" data-element_type=\"column\" data-e-type=\"column\">\n\t\t\t<div class=\"elementor-widget-wrap elementor-element-populated\">\n\t\t\t\t\t\t<div class=\"elementor-element elementor-element-de08f54 elementor-widget elementor-widget-text-editor\" data-id=\"de08f54\" data-element_type=\"widget\" data-e-type=\"widget\" data-widget_type=\"text-editor.default\">\n\t\t\t\t<div class=\"elementor-widget-container\">\n\t\t\t\t\t\t\t\t\t<p><span lang=\"ru-RU\">\u0420\u0430\u0434\u043e\u043c\u0438\u0440 \u0422\u0440\u0435\u0445\u0430<\/span><span style=\"font-size: 1rem;\"> &#8212; COMPACT<br \/><\/span><span style=\"font-size: 1rem;\">T\u0159. T. Bati 1742<br \/><\/span><span style=\"font-size: 1rem;\">765 02 Otrokovice<br \/><\/span><span lang=\"ru-RU\">\u0427\u0435\u0448\u0441\u043a\u0430\u044f \u0420\u0435\u0441\u043f\u0443\u0431\u043b\u0438\u043a\u0430<\/span><\/p><p><span lang=\"ru-RU\">\u041e\u0413\u0420\u041d:<\/span> 454 60 418<br \/><span lang=\"ru-RU\">\u0418\u041d\u041d<\/span><span style=\"font-size: 1rem;\">: CZ6105011957<\/span><\/p><p><span lang=\"ru-RU\">\u0417\u0430\u043f\u0438\u0441\u044c \u0432 \u0422\u0420: \u041a\u0440\u0430\u0435\u0432\u043e\u0439 \u0441\u0443\u0434 \u0432 \u0411\u0440\u043d\u043e A 21348<\/span><\/p>\t\t\t\t\t\t\t\t<\/div>\n\t\t\t\t<\/div>\n\t\t\t\t\t<\/div>\n\t\t<\/div>\n\t\t\t\t<div class=\"elementor-column elementor-col-33 elementor-top-column elementor-element elementor-element-e46aced\" data-id=\"e46aced\" data-element_type=\"column\" data-e-type=\"column\">\n\t\t\t<div class=\"elementor-widget-wrap elementor-element-populated\">\n\t\t\t\t\t\t<div class=\"elementor-element elementor-element-2ff2374 elementor-widget elementor-widget-text-editor\" data-id=\"2ff2374\" data-element_type=\"widget\" data-e-type=\"widget\" data-widget_type=\"text-editor.default\">\n\t\t\t\t<div class=\"elementor-widget-container\">\n\t\t\t\t\t\t\t\t\t<p><span lang=\"ru-RU\">\u0442\u0435\u043b\u0435\u0444\u043e\u043d<\/span>:<br \/><span style=\"font-size: 1rem;\">+420 603 201 155<\/span><\/p><p>e-mail:\u00a0<a href=\"mailto:compact@avonet.cz\">compact@avonet.cz<\/a><\/p>\t\t\t\t\t\t\t\t<\/div>\n\t\t\t\t<\/div>\n\t\t\t\t\t<\/div>\n\t\t<\/div>\n\t\t\t\t<div class=\"elementor-column elementor-col-33 elementor-top-column elementor-element elementor-element-0f010b1\" data-id=\"0f010b1\" data-element_type=\"column\" data-e-type=\"column\">\n\t\t\t<div class=\"elementor-widget-wrap elementor-element-populated\">\n\t\t\t\t\t\t<div class=\"elementor-element elementor-element-8e08507 elementor-widget elementor-widget-text-editor\" data-id=\"8e08507\" data-element_type=\"widget\" data-e-type=\"widget\" data-widget_type=\"text-editor.default\">\n\t\t\t\t<div class=\"elementor-widget-container\">\n\t\t\t\t\t\t\t\t\t<p><span lang=\"ru-RU\">\u043f\u0440\u043e\u0438\u0437\u0432\u043e\u0434\u0441\u0442\u0432\u0435\u043d\u043d\u044b\u0439 \u043e\u0431\u044a\u0435\u043a\u0442<\/span>:<br \/><span style=\"font-size: 1rem;\">Chemick\u00fd are\u00e1l<br \/><\/span><span style=\"font-size: 1rem;\">T\u0159. T. Bati 1742<br \/><\/span><span style=\"font-size: 1rem;\">765 02 Otrokovice<\/span><\/p><p>GPS: +49\u00b0 12&#8242; 33.16&#8243;, +17\u00b0 30&#8242; 44.52&#8243;<\/p>\t\t\t\t\t\t\t\t<\/div>\n\t\t\t\t<\/div>\n\t\t\t\t\t<\/div>\n\t\t<\/div>\n\t\t\t\t\t<\/div>\n\t\t<\/section>\n\t\t\t\t<section class=\"elementor-section elementor-top-section elementor-element elementor-element-9c77479 elementor-section-boxed elementor-section-height-default elementor-section-height-default\" data-id=\"9c77479\" data-element_type=\"section\" data-e-type=\"section\">\n\t\t\t\t\t\t<div class=\"elementor-container elementor-column-gap-default\">\n\t\t\t\t\t<div class=\"elementor-column elementor-col-100 elementor-top-column elementor-element elementor-element-ff6996c\" data-id=\"ff6996c\" data-element_type=\"column\" data-e-type=\"column\">\n\t\t\t<div class=\"elementor-widget-wrap elementor-element-populated\">\n\t\t\t\t\t\t<div class=\"elementor-element elementor-element-1da9e0f elementor-widget elementor-widget-google_maps\" data-id=\"1da9e0f\" data-element_type=\"widget\" data-e-type=\"widget\" data-widget_type=\"google_maps.default\">\n\t\t\t\t<div class=\"elementor-widget-container\">\n\t\t\t\t\t\t\t<div class=\"elementor-custom-embed\">\n\t\t\t<iframe loading=\"lazy\"\n\t\t\t\t\tsrc=\"https:\/\/maps.google.com\/maps?q=T%C5%99.%20T.%20Bati%201742&#038;t=m&#038;z=13&#038;output=embed&#038;iwloc=near\"\n\t\t\t\t\ttitle=\"T\u0159. T. Bati 1742\"\n\t\t\t\t\taria-label=\"T\u0159. T. Bati 1742\"\n\t\t\t><\/iframe>\n\t\t<\/div>\n\t\t\t\t\t\t<\/div>\n\t\t\t\t<\/div>\n\t\t\t\t\t<\/div>\n\t\t<\/div>\n\t\t\t\t\t<\/div>\n\t\t<\/section>\n\t\t\t\t<\/div>\n\t\t","protected":false},"excerpt":{"rendered":"<p>\u0420\u0430\u0434\u043e\u043c\u0438\u0440 \u0422\u0440\u0435\u0445\u0430 &#8212; COMPACTT\u0159. T. Bati 1742765 02 Otrokovice\u0427\u0435\u0448\u0441\u043a\u0430\u044f \u0420\u0435\u0441\u043f\u0443\u0431\u043b\u0438\u043a\u0430 \u041e\u0413\u0420\u041d: 454 60 418\u0418\u041d\u041d: CZ6105011957 \u0417\u0430\u043f\u0438\u0441\u044c \u0432 \u0422\u0420: \u041a\u0440\u0430\u0435\u0432\u043e\u0439 \u0441\u0443\u0434 \u0432 \u0411\u0440\u043d\u043e A 21348 \u0442\u0435\u043b\u0435\u0444\u043e\u043d:+420 603 201 155 e-mail:\u00a0compact@avonet.cz \u043f\u0440\u043e\u0438\u0437\u0432\u043e\u0434\u0441\u0442\u0432\u0435\u043d\u043d\u044b\u0439 \u043e\u0431\u044a\u0435\u043a\u0442:Chemick\u00fd are\u00e1lT\u0159. T. Bati 1742765 02 Otrokovice GPS: +49\u00b0 12&#8242; 33.16&#8243;, +17\u00b0 30&#8242; 44.52&#8243;<\/p>\n","protected":false},"author":1,"featured_media":0,"parent":0,"menu_order":5,"comment_status":"closed","ping_status":"closed","template":"","meta":{"_acf_changed":false,"footnotes":""},"class_list":["post-207","page","type-page","status-publish","hentry"],"acf":[],"_links":{"self":[{"href":"https:\/\/www.compact-composite.cz\/ru\/wp-json\/wp\/v2\/pages\/207","targetHints":{"allow":["GET"]}}],"collection":[{"href":"https:\/\/www.compact-composite.cz\/ru\/wp-json\/wp\/v2\/pages"}],"about":[{"href":"https:\/\/www.compact-composite.cz\/ru\/wp-json\/wp\/v2\/types\/page"}],"author":[{"embeddable":true,"href":"https:\/\/www.compact-composite.cz\/ru\/wp-json\/wp\/v2\/users\/1"}],"replies":[{"embeddable":true,"href":"https:\/\/www.compact-composite.cz\/ru\/wp-json\/wp\/v2\/comments?post=207"}],"version-history":[{"count":2,"href":"https:\/\/www.compact-composite.cz\/ru\/wp-json\/wp\/v2\/pages\/207\/revisions"}],"predecessor-version":[{"id":209,"href":"https:\/\/www.compact-composite.cz\/ru\/wp-json\/wp\/v2\/pages\/207\/revisions\/209"}],"wp:attachment":[{"href":"https:\/\/www.compact-composite.cz\/ru\/wp-json\/wp\/v2\/media?parent=207"}],"curies":[{"name":"wp","href":"https:\/\/api.w.org\/{rel}","templated":true}]}}