{"id":142,"date":"2018-03-06T09:26:15","date_gmt":"2018-03-06T08:26:15","guid":{"rendered":"http:\/\/vx3592500.server2.imperialmedia.cz\/kontakty\/"},"modified":"2018-03-28T09:06:14","modified_gmt":"2018-03-28T07:06:14","slug":"contacts","status":"publish","type":"page","link":"https:\/\/www.compact-composite.cz\/en\/contacts\/","title":{"rendered":"Contacts"},"content":{"rendered":"\t\t<div data-elementor-type=\"wp-page\" data-elementor-id=\"142\" class=\"elementor elementor-142 elementor-25 elementor-bc-flex-widget\">\n\t\t\t\t\t\t<section class=\"elementor-section elementor-top-section elementor-element elementor-element-c4bf973 elementor-section-boxed elementor-section-height-default elementor-section-height-default\" data-id=\"c4bf973\" data-element_type=\"section\" data-e-type=\"section\">\n\t\t\t\t\t\t<div class=\"elementor-container elementor-column-gap-default\">\n\t\t\t\t\t<div class=\"elementor-column elementor-col-33 elementor-top-column elementor-element elementor-element-41d3296\" data-id=\"41d3296\" data-element_type=\"column\" data-e-type=\"column\">\n\t\t\t<div class=\"elementor-widget-wrap elementor-element-populated\">\n\t\t\t\t\t\t<div class=\"elementor-element elementor-element-de08f54 elementor-widget elementor-widget-text-editor\" data-id=\"de08f54\" data-element_type=\"widget\" data-e-type=\"widget\" data-widget_type=\"text-editor.default\">\n\t\t\t\t<div class=\"elementor-widget-container\">\n\t\t\t\t\t\t\t\t\t<p style=\"text-align: center;\"><span style=\"font-size: 1rem;\">Radom\u00edr Trecha &#8211; COMPACT<br \/><\/span><span style=\"font-size: 1rem;\">T\u0159. T. Bati 1742<br \/><\/span><span style=\"font-size: 1rem;\">765 02 Otrokovice<br \/><\/span><span style=\"font-size: 1rem;\">Czech Republic<\/span><\/p><p style=\"text-align: center;\">I\u010c: 454 60 418<br \/><span style=\"font-size: 1rem;\">DI\u010c: CZ6105011957<\/span><\/p><p style=\"text-align: center;\"><span lang=\"en-GB\">Commercial Registry entry: Regional Court in Brno A 21348<\/span><\/p><p style=\"text-align: center;\"><style type=\"text\/css\">\n\t\t@page { margin: 2cm }<br \/>\n\t\tp { margin-bottom: 0.25cm; direction: ltr; line-height: 115%; text-align: left; orphans: 2; widows: 2 }<br \/>\n\t<\/style><\/p>\t\t\t\t\t\t\t\t<\/div>\n\t\t\t\t<\/div>\n\t\t\t\t\t<\/div>\n\t\t<\/div>\n\t\t\t\t<div class=\"elementor-column elementor-col-33 elementor-top-column elementor-element elementor-element-e46aced\" data-id=\"e46aced\" data-element_type=\"column\" data-e-type=\"column\">\n\t\t\t<div class=\"elementor-widget-wrap elementor-element-populated\">\n\t\t\t\t\t\t<div class=\"elementor-element elementor-element-2ff2374 elementor-widget elementor-widget-text-editor\" data-id=\"2ff2374\" data-element_type=\"widget\" data-e-type=\"widget\" data-widget_type=\"text-editor.default\">\n\t\t\t\t<div class=\"elementor-widget-container\">\n\t\t\t\t\t\t\t\t\t<p style=\"text-align: center;\">telephone:<br \/><span style=\"font-size: 1rem;\">+420 603 201 155<\/span><\/p><p style=\"text-align: center;\">e-mail:\u00a0<a href=\"mailto:compact@avonet.cz\">compact@avonet.cz<\/a><\/p>\t\t\t\t\t\t\t\t<\/div>\n\t\t\t\t<\/div>\n\t\t\t\t\t<\/div>\n\t\t<\/div>\n\t\t\t\t<div class=\"elementor-column elementor-col-33 elementor-top-column elementor-element elementor-element-0f010b1\" data-id=\"0f010b1\" data-element_type=\"column\" data-e-type=\"column\">\n\t\t\t<div class=\"elementor-widget-wrap elementor-element-populated\">\n\t\t\t\t\t\t<div class=\"elementor-element elementor-element-8e08507 elementor-widget elementor-widget-text-editor\" data-id=\"8e08507\" data-element_type=\"widget\" data-e-type=\"widget\" data-widget_type=\"text-editor.default\">\n\t\t\t\t<div class=\"elementor-widget-container\">\n\t\t\t\t\t\t\t\t\t<p style=\"text-align: center;\">workshop:<br \/><span style=\"font-size: 1rem;\">Chemick\u00fd are\u00e1l<br \/><\/span><span style=\"font-size: 1rem;\">T\u0159. T. Bati 1742<br \/><\/span><span style=\"font-size: 1rem;\">765 02 Otrokovice<\/span><\/p><p style=\"text-align: center;\">GPS: +49\u00b0 12&#8242; 33.16&#8243;, +17\u00b0 30&#8242; 44.52&#8243;<\/p>\t\t\t\t\t\t\t\t<\/div>\n\t\t\t\t<\/div>\n\t\t\t\t\t<\/div>\n\t\t<\/div>\n\t\t\t\t\t<\/div>\n\t\t<\/section>\n\t\t\t\t<section class=\"elementor-section elementor-top-section elementor-element elementor-element-9c77479 elementor-section-boxed elementor-section-height-default elementor-section-height-default\" data-id=\"9c77479\" data-element_type=\"section\" data-e-type=\"section\">\n\t\t\t\t\t\t<div class=\"elementor-container elementor-column-gap-default\">\n\t\t\t\t\t<div class=\"elementor-column elementor-col-100 elementor-top-column elementor-element elementor-element-ff6996c\" data-id=\"ff6996c\" data-element_type=\"column\" data-e-type=\"column\">\n\t\t\t<div class=\"elementor-widget-wrap elementor-element-populated\">\n\t\t\t\t\t\t<div class=\"elementor-element elementor-element-1da9e0f elementor-widget elementor-widget-google_maps\" data-id=\"1da9e0f\" data-element_type=\"widget\" data-e-type=\"widget\" data-widget_type=\"google_maps.default\">\n\t\t\t\t<div class=\"elementor-widget-container\">\n\t\t\t\t\t\t\t<div class=\"elementor-custom-embed\">\n\t\t\t<iframe loading=\"lazy\"\n\t\t\t\t\tsrc=\"https:\/\/maps.google.com\/maps?q=T%C5%99.%20T.%20Bati%201742&#038;t=m&#038;z=13&#038;output=embed&#038;iwloc=near\"\n\t\t\t\t\ttitle=\"T\u0159. T. Bati 1742\"\n\t\t\t\t\taria-label=\"T\u0159. T. Bati 1742\"\n\t\t\t><\/iframe>\n\t\t<\/div>\n\t\t\t\t\t\t<\/div>\n\t\t\t\t<\/div>\n\t\t\t\t\t<\/div>\n\t\t<\/div>\n\t\t\t\t\t<\/div>\n\t\t<\/section>\n\t\t\t\t<\/div>\n\t\t","protected":false},"excerpt":{"rendered":"<p>Radom\u00edr Trecha &#8211; COMPACTT\u0159. T. Bati 1742765 02 OtrokoviceCzech Republic I\u010c: 454 60 418DI\u010c: CZ6105011957 Commercial Registry entry: Regional Court in Brno A 21348 telephone:+420 603 201 155 e-mail:\u00a0compact@avonet.cz workshop:Chemick\u00fd are\u00e1lT\u0159. T. Bati 1742765 02 Otrokovice GPS: +49\u00b0 12&#8242; 33.16&#8243;, +17\u00b0 30&#8242; 44.52&#8243;<\/p>\n","protected":false},"author":1,"featured_media":0,"parent":0,"menu_order":5,"comment_status":"closed","ping_status":"closed","template":"","meta":{"_acf_changed":false,"footnotes":""},"class_list":["post-142","page","type-page","status-publish","hentry"],"acf":[],"_links":{"self":[{"href":"https:\/\/www.compact-composite.cz\/en\/wp-json\/wp\/v2\/pages\/142","targetHints":{"allow":["GET"]}}],"collection":[{"href":"https:\/\/www.compact-composite.cz\/en\/wp-json\/wp\/v2\/pages"}],"about":[{"href":"https:\/\/www.compact-composite.cz\/en\/wp-json\/wp\/v2\/types\/page"}],"author":[{"embeddable":true,"href":"https:\/\/www.compact-composite.cz\/en\/wp-json\/wp\/v2\/users\/1"}],"replies":[{"embeddable":true,"href":"https:\/\/www.compact-composite.cz\/en\/wp-json\/wp\/v2\/comments?post=142"}],"version-history":[{"count":4,"href":"https:\/\/www.compact-composite.cz\/en\/wp-json\/wp\/v2\/pages\/142\/revisions"}],"predecessor-version":[{"id":161,"href":"https:\/\/www.compact-composite.cz\/en\/wp-json\/wp\/v2\/pages\/142\/revisions\/161"}],"wp:attachment":[{"href":"https:\/\/www.compact-composite.cz\/en\/wp-json\/wp\/v2\/media?parent=142"}],"curies":[{"name":"wp","href":"https:\/\/api.w.org\/{rel}","templated":true}]}}