{"id":133,"date":"2018-03-09T12:29:14","date_gmt":"2018-03-09T11:29:14","guid":{"rendered":"http:\/\/vx3592500.server2.imperialmedia.cz\/technology\/rtm-technologie\/"},"modified":"2018-10-23T08:03:51","modified_gmt":"2018-10-23T06:03:51","slug":"rtm-technology","status":"publish","type":"page","link":"https:\/\/www.compact-composite.cz\/en\/technology\/rtm-technology\/","title":{"rendered":"RTM Technology"},"content":{"rendered":"<p><span lang=\"en-GB\">In RTM technology, resin is injected between enclosed moulds in which a fibreglass mat or other reinforcement has been previously inserted.<\/span><\/p>\n<p><span lang=\"en-GB\">Steel, metal, wood, foam and other components can be placed in the production moulds, serving, for example, to grip the product.<\/span><\/p>\n<p><span lang=\"en-GB\">The resin is injected between the mould using filling equipment under pressure at a number of atmospheres.<\/span><\/p>\n<p><span lang=\"en-GB\">A great advantage in using the gel coat on both sides of the part is the double-sided smoothness of the resultant product. This means the product has good surface quality, and can be painted on all sides. In filling and hardening, no volatile compounds are released into the air from between the enclosed moulds. <\/span><\/p>\n<p><span lang=\"en-GB\">This production technology is suitable for medium and large production runs.<\/span><\/p>\n<p><span lang=\"en-GB\">It is also suitable for large-format and oversize parts.<\/span><\/p>\n<p>&nbsp;<\/p>\n<p>Do not hesitate to contact us by phone at <strong>+420 603 201 155<\/strong>, e-mail <strong>compact@avonet.cz<\/strong> or via the inquiry form.<\/p>\n<p>We would be happy to advise you on the selection.<\/p>\n<div class=\"frm_forms  with_frm_style frm_style_formidable-style\" id=\"frm_form_7_container\" >\n<form enctype=\"multipart\/form-data\" method=\"post\" class=\"frm-show-form  frm_ajax_submit  frm_pro_form \" id=\"form_sojcy\" >\n<div class=\"frm_form_fields \">\n<fieldset>\n<legend class=\"frm_screen_reader\">Inquiry form<\/legend>\r\n<h3 class=\"frm_form_title\">Inquiry form<\/h3>\r\n<div class=\"frm_fields_container\">\n<input type=\"hidden\" name=\"frm_action\" value=\"create\" \/>\n<input type=\"hidden\" name=\"form_id\" value=\"7\" \/>\n<input type=\"hidden\" name=\"frm_hide_fields_7\" id=\"frm_hide_fields_7\" value=\"\" \/>\n<input type=\"hidden\" name=\"form_key\" value=\"sojcy\" \/>\n<input type=\"hidden\" name=\"item_meta[0]\" value=\"\" \/>\n<input type=\"hidden\" id=\"frm_submit_entry_7\" name=\"frm_submit_entry_7\" value=\"dcad2874b3\" \/><input type=\"hidden\" name=\"_wp_http_referer\" value=\"\/en\/wp-json\/wp\/v2\/pages\/133\" \/><div id=\"frm_field_71_container\" class=\"frm_form_field form-field  frm_required_field frm_top_container frm_half frm_first\">\r\n    <label for=\"field_ws0vx\" class=\"frm_primary_label\">First name\r\n        <span class=\"frm_required\">*<\/span>\r\n    <\/label>\r\n    <input  type=\"text\" id=\"field_ws0vx\" name=\"item_meta[71]\" value=\"\"  placeholder=\"Va\u0161e jm\u00e9no\" data-reqmsg=\"First name cannot be blank.\" aria-required=\"true\" data-invmsg=\"Text is invalid\" aria-invalid=\"false\"   \/>\r\n    \r\n    \r\n<\/div>\n<div id=\"frm_field_72_container\" class=\"frm_form_field form-field  frm_required_field frm_top_container frm_half frm_alignright\">\r\n    <label for=\"field_3543h\" class=\"frm_primary_label\">Last name\r\n        <span class=\"frm_required\">*<\/span>\r\n    <\/label>\r\n    <input  type=\"text\" id=\"field_3543h\" name=\"item_meta[72]\" value=\"\"  placeholder=\"Va\u0161e p\u0159\u00edjmen\u00ed\" data-reqmsg=\"Last name cannot be blank.\" aria-required=\"true\" data-invmsg=\"Text is invalid\" aria-invalid=\"false\"   \/>\r\n    \r\n    \r\n<\/div>\n<div id=\"frm_field_73_container\" class=\"frm_form_field form-field  frm_required_field frm_top_container frm_first frm_half\">\r\n    <label for=\"field_n8aok\" class=\"frm_primary_label\">Email\r\n        <span class=\"frm_required\">*<\/span>\r\n    <\/label>\r\n    <input type=\"email\" id=\"field_n8aok\" name=\"item_meta[73]\" value=\"\"  placeholder=\"@\" data-reqmsg=\"Email cannot be blank.\" aria-required=\"true\" data-invmsg=\"Email is invalid.\" aria-invalid=\"false\"  \/>\r\n    \r\n    \r\n<\/div>\n<div id=\"frm_field_74_container\" class=\"frm_form_field form-field  frm_required_field frm_top_container frm_half frm_alignright\">\r\n    <label for=\"field_6fx26\" class=\"frm_primary_label\">Phone\r\n        <span class=\"frm_required\">*<\/span>\r\n    <\/label>\r\n    <input  type=\"text\" id=\"field_6fx26\" name=\"item_meta[74]\" value=\"\"  placeholder=\"+420\" data-reqmsg=\"Phone cannot be blank.\" aria-required=\"true\" data-invmsg=\"Text is invalid\" aria-invalid=\"false\"   \/>\r\n    \r\n    \r\n<\/div>\n<div id=\"frm_field_75_container\" class=\"frm_form_field form-field  frm_required_field frm_top_container\">\r\n    <label for=\"field_7pukz\" class=\"frm_primary_label\">Message\r\n        <span class=\"frm_required\">*<\/span>\r\n    <\/label>\r\n    <textarea name=\"item_meta[75]\" id=\"field_7pukz\" rows=\"5\"  placeholder=\"Dobr\u00fd den,\" data-reqmsg=\"Message cannot be blank.\" aria-required=\"true\" data-invmsg=\"Message is invalid\" aria-invalid=\"false\"  ><\/textarea>\r\n    \r\n    \r\n<\/div>\n<div id=\"frm_field_77_container\" class=\"frm_form_field form-field  frm_none_container\">\n    <label  class=\"frm_primary_label\">reCAPTCHA\n        <span class=\"frm_required\"><\/span>\n    <\/label>\n    <div  id=\"field_11wwx\" class=\"g-recaptcha\" data-sitekey=\"6Le0bU8UAAAAAAsobdyO-iaiDk65sCKhzXMNUKpZ\" data-size=\"invisible\" data-theme=\"light\" data-callback=\"frmAfterRecaptcha\"><\/div>\n    \n    \n<\/div>\n<div id=\"frm_field_78_container\" class=\"frm_form_field form-field  frm_required_field frm_none_container vertical_radio\">\n    <div  id=\"field_3ovl2_label\" class=\"frm_primary_label\">\n        <span class=\"frm_required\">*<\/span>\n    <\/div>\n    <div class=\"frm_opt_container\" aria-labelledby=\"field_3ovl2_label\" role=\"group\">\t\t<div class=\"frm_checkbox\" id=\"frm_checkbox_78-0\">\t\t\t<label  for=\"field_3ovl2-0\">\n\t\t\t<input type=\"checkbox\" name=\"item_meta[78][]\" id=\"field_3ovl2-0\" value=\"Souhlas\u00edm se &lt;a href=&quot;https:\/\/www.compact-composite.cz\/wp-content\/uploads\/2019\/06\/INFORMOV\u00c1N\u00cd-O-ZPRACOV\u00c1N\u00cd-OSOBN\u00cdCH-\u00daDAJ\u016e.pdf&quot;&gt;zpracov\u00e1n\u00edm osobn\u00edch \u00fadaj\u016f&lt;\/a&gt;\"  data-reqmsg=\"This field cannot be blank.\" data-invmsg=\"This field is invalid\"   aria-required=\"true\"  \/> Souhlas\u00edm se <a href=\"https:\/\/www.compact-composite.cz\/wp-content\/uploads\/2019\/06\/INFORMOV\u00c1N\u00cd-O-ZPRACOV\u00c1N\u00cd-OSOBN\u00cdCH-\u00daDAJ\u016e.pdf\">zpracov\u00e1n\u00edm osobn\u00edch \u00fadaj\u016f<\/a><\/label><\/div>\n<\/div>\n    \n    \n<\/div>\n\t<input type=\"hidden\" name=\"item_key\" value=\"\" \/>\n\t\t\t<div id=\"frm_field_79_container\">\n\t\t\t<label for=\"field_vfqn4\" >\n\t\t\t\tIf you are human, leave this field blank.\t\t\t<\/label>\n\t\t\t<input  id=\"field_vfqn4\" type=\"text\" class=\"frm_form_field form-field frm_verify\" name=\"item_meta[79]\" value=\"\"  \/>\n\t\t<\/div>\n\t\t<input name=\"frm_state\" type=\"hidden\" value=\"EwzrzBWJy3R6Um9WZvI2Q6LlkWDiQE3u9UKutw380hFjybX1\/r8mmxMy+fFEsjg3\" \/><div class=\"frm_submit\">\r\n\r\n<button class=\"frm_button_submit frm_final_submit\" type=\"submit\"   formnovalidate=\"formnovalidate\">Send<\/button>\r\n\r\n<\/div><\/div>\n<\/fieldset>\n<\/div>\n\n<\/form>\n<\/div>\n\n","protected":false},"excerpt":{"rendered":"<p>In RTM technology, resin is injected between enclosed moulds in which a fibreglass mat or other reinforcement has been previously inserted. Steel, metal, wood, foam and other components can be placed in the production moulds, serving, for example, to grip the product. The resin is injected between the mould using filling equipment under pressure at [&hellip;]<\/p>\n","protected":false},"author":1,"featured_media":0,"parent":127,"menu_order":2,"comment_status":"closed","ping_status":"closed","template":"template-vyrobni-technologie.php","meta":{"_acf_changed":false,"footnotes":""},"class_list":["post-133","page","type-page","status-publish","hentry"],"acf":[],"_links":{"self":[{"href":"https:\/\/www.compact-composite.cz\/en\/wp-json\/wp\/v2\/pages\/133","targetHints":{"allow":["GET"]}}],"collection":[{"href":"https:\/\/www.compact-composite.cz\/en\/wp-json\/wp\/v2\/pages"}],"about":[{"href":"https:\/\/www.compact-composite.cz\/en\/wp-json\/wp\/v2\/types\/page"}],"author":[{"embeddable":true,"href":"https:\/\/www.compact-composite.cz\/en\/wp-json\/wp\/v2\/users\/1"}],"replies":[{"embeddable":true,"href":"https:\/\/www.compact-composite.cz\/en\/wp-json\/wp\/v2\/comments?post=133"}],"version-history":[{"count":4,"href":"https:\/\/www.compact-composite.cz\/en\/wp-json\/wp\/v2\/pages\/133\/revisions"}],"predecessor-version":[{"id":300,"href":"https:\/\/www.compact-composite.cz\/en\/wp-json\/wp\/v2\/pages\/133\/revisions\/300"}],"up":[{"embeddable":true,"href":"https:\/\/www.compact-composite.cz\/en\/wp-json\/wp\/v2\/pages\/127"}],"wp:attachment":[{"href":"https:\/\/www.compact-composite.cz\/en\/wp-json\/wp\/v2\/media?parent=133"}],"curies":[{"name":"wp","href":"https:\/\/api.w.org\/{rel}","templated":true}]}}