{"id":181,"date":"2018-03-06T09:26:15","date_gmt":"2018-03-06T08:26:15","guid":{"rendered":"http:\/\/vx3592500.server2.imperialmedia.cz\/kontakty\/"},"modified":"2018-03-28T09:37:27","modified_gmt":"2018-03-28T07:37:27","slug":"kontakte","status":"publish","type":"page","link":"https:\/\/www.compact-composite.cz\/de\/kontakte\/","title":{"rendered":"Kontakte"},"content":{"rendered":"\t\t<div data-elementor-type=\"wp-page\" data-elementor-id=\"181\" class=\"elementor elementor-181 elementor-25 elementor-bc-flex-widget\">\n\t\t\t\t\t\t<section class=\"elementor-section elementor-top-section elementor-element elementor-element-c4bf973 elementor-section-boxed elementor-section-height-default elementor-section-height-default\" data-id=\"c4bf973\" data-element_type=\"section\" data-e-type=\"section\">\n\t\t\t\t\t\t<div class=\"elementor-container elementor-column-gap-default\">\n\t\t\t\t\t<div class=\"elementor-column elementor-col-33 elementor-top-column elementor-element elementor-element-41d3296\" data-id=\"41d3296\" data-element_type=\"column\" data-e-type=\"column\">\n\t\t\t<div class=\"elementor-widget-wrap elementor-element-populated\">\n\t\t\t\t\t\t<div class=\"elementor-element elementor-element-de08f54 elementor-widget elementor-widget-text-editor\" data-id=\"de08f54\" data-element_type=\"widget\" data-e-type=\"widget\" data-widget_type=\"text-editor.default\">\n\t\t\t\t<div class=\"elementor-widget-container\">\n\t\t\t\t\t\t\t\t\t<p><span style=\"font-size: 1rem;\">Radom\u00edr Trecha &#8211; COMPACT<br \/><\/span><span style=\"font-size: 1rem;\">T\u0159. T. Bati 1742<br \/><\/span><span style=\"font-size: 1rem;\">765 02 Otrokovice<br \/><\/span><span lang=\"de-DE\">Tschechische Republik<\/span><\/p><p>I\u010c (IdNr): 454 60 418<br \/><span style=\"font-size: 1rem;\">DI\u010c (USt-IdNr): CZ6105011957<\/span><\/p><p class=\"western\"><span lang=\"de-DE\">Eintrag im HR: Bezirksgericht in Br\u00fcnn A 21348<\/span><\/p>\t\t\t\t\t\t\t\t<\/div>\n\t\t\t\t<\/div>\n\t\t\t\t\t<\/div>\n\t\t<\/div>\n\t\t\t\t<div class=\"elementor-column elementor-col-33 elementor-top-column elementor-element elementor-element-e46aced\" data-id=\"e46aced\" data-element_type=\"column\" data-e-type=\"column\">\n\t\t\t<div class=\"elementor-widget-wrap elementor-element-populated\">\n\t\t\t\t\t\t<div class=\"elementor-element elementor-element-2ff2374 elementor-widget elementor-widget-text-editor\" data-id=\"2ff2374\" data-element_type=\"widget\" data-e-type=\"widget\" data-widget_type=\"text-editor.default\">\n\t\t\t\t<div class=\"elementor-widget-container\">\n\t\t\t\t\t\t\t\t\t<p>telefon:<br \/><span style=\"font-size: 1rem;\">+420 603 201 155<\/span><\/p><p>e-mail:\u00a0<a href=\"mailto:compact@avonet.cz\">compact@avonet.cz<\/a><\/p>\t\t\t\t\t\t\t\t<\/div>\n\t\t\t\t<\/div>\n\t\t\t\t\t<\/div>\n\t\t<\/div>\n\t\t\t\t<div class=\"elementor-column elementor-col-33 elementor-top-column elementor-element elementor-element-0f010b1\" data-id=\"0f010b1\" data-element_type=\"column\" data-e-type=\"column\">\n\t\t\t<div class=\"elementor-widget-wrap elementor-element-populated\">\n\t\t\t\t\t\t<div class=\"elementor-element elementor-element-8e08507 elementor-widget elementor-widget-text-editor\" data-id=\"8e08507\" data-element_type=\"widget\" data-e-type=\"widget\" data-widget_type=\"text-editor.default\">\n\t\t\t\t<div class=\"elementor-widget-container\">\n\t\t\t\t\t\t\t\t\t<p>Betriebsstelle:<br \/><span style=\"font-size: 1rem;\">Chemische Areal<br \/><\/span><span style=\"font-size: 1rem;\">T\u0159. T. Bati 1742<br \/><\/span><span style=\"font-size: 1rem;\">765 02 Otrokovice<\/span><\/p><p>GPS: +49\u00b0 12&#8242; 33.16&#8243;, +17\u00b0 30&#8242; 44.52&#8243;<\/p>\t\t\t\t\t\t\t\t<\/div>\n\t\t\t\t<\/div>\n\t\t\t\t\t<\/div>\n\t\t<\/div>\n\t\t\t\t\t<\/div>\n\t\t<\/section>\n\t\t\t\t<section class=\"elementor-section elementor-top-section elementor-element elementor-element-9c77479 elementor-section-boxed elementor-section-height-default elementor-section-height-default\" data-id=\"9c77479\" data-element_type=\"section\" data-e-type=\"section\">\n\t\t\t\t\t\t<div class=\"elementor-container elementor-column-gap-default\">\n\t\t\t\t\t<div class=\"elementor-column elementor-col-100 elementor-top-column elementor-element elementor-element-ff6996c\" data-id=\"ff6996c\" data-element_type=\"column\" data-e-type=\"column\">\n\t\t\t<div class=\"elementor-widget-wrap elementor-element-populated\">\n\t\t\t\t\t\t<div class=\"elementor-element elementor-element-1da9e0f elementor-widget elementor-widget-google_maps\" data-id=\"1da9e0f\" data-element_type=\"widget\" data-e-type=\"widget\" data-widget_type=\"google_maps.default\">\n\t\t\t\t<div class=\"elementor-widget-container\">\n\t\t\t\t\t\t\t<div class=\"elementor-custom-embed\">\n\t\t\t<iframe loading=\"lazy\"\n\t\t\t\t\tsrc=\"https:\/\/maps.google.com\/maps?q=T%C5%99.%20T.%20Bati%201742&#038;t=m&#038;z=13&#038;output=embed&#038;iwloc=near\"\n\t\t\t\t\ttitle=\"T\u0159. T. Bati 1742\"\n\t\t\t\t\taria-label=\"T\u0159. T. Bati 1742\"\n\t\t\t><\/iframe>\n\t\t<\/div>\n\t\t\t\t\t\t<\/div>\n\t\t\t\t<\/div>\n\t\t\t\t\t<\/div>\n\t\t<\/div>\n\t\t\t\t\t<\/div>\n\t\t<\/section>\n\t\t\t\t<\/div>\n\t\t","protected":false},"excerpt":{"rendered":"<p>Radom\u00edr Trecha &#8211; COMPACTT\u0159. T. Bati 1742765 02 OtrokoviceTschechische Republik I\u010c (IdNr): 454 60 418DI\u010c (USt-IdNr): CZ6105011957 Eintrag im HR: Bezirksgericht in Br\u00fcnn A 21348 telefon:+420 603 201 155 e-mail:\u00a0compact@avonet.cz Betriebsstelle:Chemische ArealT\u0159. T. Bati 1742765 02 Otrokovice GPS: +49\u00b0 12&#8242; 33.16&#8243;, +17\u00b0 30&#8242; 44.52&#8243;<\/p>\n","protected":false},"author":1,"featured_media":0,"parent":0,"menu_order":5,"comment_status":"closed","ping_status":"closed","template":"","meta":{"_acf_changed":false,"footnotes":""},"class_list":["post-181","page","type-page","status-publish","hentry"],"acf":[],"_links":{"self":[{"href":"https:\/\/www.compact-composite.cz\/de\/wp-json\/wp\/v2\/pages\/181","targetHints":{"allow":["GET"]}}],"collection":[{"href":"https:\/\/www.compact-composite.cz\/de\/wp-json\/wp\/v2\/pages"}],"about":[{"href":"https:\/\/www.compact-composite.cz\/de\/wp-json\/wp\/v2\/types\/page"}],"author":[{"embeddable":true,"href":"https:\/\/www.compact-composite.cz\/de\/wp-json\/wp\/v2\/users\/1"}],"replies":[{"embeddable":true,"href":"https:\/\/www.compact-composite.cz\/de\/wp-json\/wp\/v2\/comments?post=181"}],"version-history":[{"count":2,"href":"https:\/\/www.compact-composite.cz\/de\/wp-json\/wp\/v2\/pages\/181\/revisions"}],"predecessor-version":[{"id":183,"href":"https:\/\/www.compact-composite.cz\/de\/wp-json\/wp\/v2\/pages\/181\/revisions\/183"}],"wp:attachment":[{"href":"https:\/\/www.compact-composite.cz\/de\/wp-json\/wp\/v2\/media?parent=181"}],"curies":[{"name":"wp","href":"https:\/\/api.w.org\/{rel}","templated":true}]}}