{"id":174,"date":"2018-03-28T09:32:18","date_gmt":"2018-03-28T07:32:18","guid":{"rendered":"http:\/\/vx3592500.server2.imperialmedia.cz\/?page_id=174"},"modified":"2018-10-23T08:00:06","modified_gmt":"2018-10-23T06:00:06","slug":"rtm-technologie","status":"publish","type":"page","link":"https:\/\/www.compact-composite.cz\/de\/technologie\/rtm-technologie\/","title":{"rendered":"RTM Technologie"},"content":{"rendered":"<p><span lang=\"de-DE\">Bei der RTM Technologie kommt es zum Einspritzen des Harzes zwischen die geschlossenen Formen, in denen im Voraus eine Glasmatte oder eine andere Versteifung eingelegt wird.<\/span><\/p>\n<p><span lang=\"de-DE\">In die Produktionsformen kann man Edelstahl-, Metall, Holz-, Schaum- oder andere Komponenten einlegen, die zum Beispiel zur Festigkeit eines Produkts dienen.<\/span><br \/>\n<span lang=\"de-DE\">Das Harz wird zwischen die Formen mit Hilfe einer F\u00fcllvorrichtung unter Druck einiger Atmosph\u00e4ren eingespritzt.<\/span><\/p>\n<p><span lang=\"de-DE\">Ein gro\u00dfer Vorzug bei der Verwendung von Gelcoat auf beiden Seiten des Teils ist die beidseitige Gl\u00e4tte des resultierenden Produkts. Dank dem kann das Produkt ein Ansichtsteil sein und von allen Seiten lackiert werden.<\/span><\/p>\n<p><span lang=\"de-DE\">Die RTM Technologie ist umweltschonend, deshalb ist sie \u00f6kologischer als die manuelle Laminierung. Zwischen den geschlossenen Formen kommt es bei der F\u00fcllung und Aush\u00e4rtung nicht zur Freigabe fl\u00fcchtiger Stoffe in die Luft.<\/span><\/p>\n<p><span lang=\"de-DE\">Diese Produktionstechnologie ist f\u00fcr die Mittel und auch Gro\u00dfserienproduktion geeignet.<\/span><\/p>\n<p><span lang=\"de-DE\">Sie ist ebenso f\u00fcr gro\u00dffl\u00e4chige und \u00fcberdimensionale Teile geeignet.<\/span><\/p>\n<p>&nbsp;<\/p>\n<p>Z\u00f6gern Sie nicht, uns telefonisch unter <strong>+420 603 201 155<\/strong>, E-Mail <strong>compact@avonet.cz<\/strong> oder \u00fcber das Anfrageformular zu kontaktieren.<\/p>\n<p>Wir beraten Sie gerne bei der Auswahl.<\/p>\n<div class=\"frm_forms  with_frm_style frm_style_formidable-style\" id=\"frm_form_7_container\" >\n<form enctype=\"multipart\/form-data\" method=\"post\" class=\"frm-show-form  frm_ajax_submit  frm_pro_form \" id=\"form_sojcy\" >\n<div class=\"frm_form_fields \">\n<fieldset>\n<legend class=\"frm_screen_reader\">Anfrageformular<\/legend>\r\n<h3 class=\"frm_form_title\">Anfrageformular<\/h3>\r\n<div class=\"frm_fields_container\">\n<input type=\"hidden\" name=\"frm_action\" value=\"create\" \/>\n<input type=\"hidden\" name=\"form_id\" value=\"7\" \/>\n<input type=\"hidden\" name=\"frm_hide_fields_7\" id=\"frm_hide_fields_7\" value=\"\" \/>\n<input type=\"hidden\" name=\"form_key\" value=\"sojcy\" \/>\n<input type=\"hidden\" name=\"item_meta[0]\" value=\"\" \/>\n<input type=\"hidden\" id=\"frm_submit_entry_7\" name=\"frm_submit_entry_7\" value=\"821e0eb4b6\" \/><input type=\"hidden\" name=\"_wp_http_referer\" value=\"\/de\/wp-json\/wp\/v2\/pages\/174\" \/><div id=\"frm_field_71_container\" class=\"frm_form_field form-field  frm_required_field frm_top_container frm_half frm_first\">\r\n    <label for=\"field_ws0vx\" class=\"frm_primary_label\">Name\r\n        <span class=\"frm_required\">*<\/span>\r\n    <\/label>\r\n    <input  type=\"text\" id=\"field_ws0vx\" name=\"item_meta[71]\" value=\"\"  placeholder=\"Va\u0161e jm\u00e9no\" data-reqmsg=\"Dieses Feld darf nicht leer sein.\" aria-required=\"true\" data-invmsg=\"Text is invalid\" aria-invalid=\"false\"   \/>\r\n    \r\n    \r\n<\/div>\n<div id=\"frm_field_72_container\" class=\"frm_form_field form-field  frm_required_field frm_top_container frm_half frm_alignright\">\r\n    <label for=\"field_3543h\" class=\"frm_primary_label\">Nachname\r\n        <span class=\"frm_required\">*<\/span>\r\n    <\/label>\r\n    <input  type=\"text\" id=\"field_3543h\" name=\"item_meta[72]\" value=\"\"  placeholder=\"Va\u0161e p\u0159\u00edjmen\u00ed\" data-reqmsg=\"Dieses Feld darf nicht leer sein.\" aria-required=\"true\" data-invmsg=\"Text is invalid\" aria-invalid=\"false\"   \/>\r\n    \r\n    \r\n<\/div>\n<div id=\"frm_field_73_container\" class=\"frm_form_field form-field  frm_required_field frm_top_container frm_first frm_half\">\r\n    <label for=\"field_n8aok\" class=\"frm_primary_label\">Email\r\n        <span class=\"frm_required\">*<\/span>\r\n    <\/label>\r\n    <input type=\"email\" id=\"field_n8aok\" name=\"item_meta[73]\" value=\"\"  placeholder=\"@\" data-reqmsg=\"Dieses Feld darf nicht leer sein.\" aria-required=\"true\" data-invmsg=\"Ung\u00fcltige E-Mail\" aria-invalid=\"false\"  \/>\r\n    \r\n    \r\n<\/div>\n<div id=\"frm_field_74_container\" class=\"frm_form_field form-field  frm_required_field frm_top_container frm_half frm_alignright\">\r\n    <label for=\"field_6fx26\" class=\"frm_primary_label\">Telefon\r\n        <span class=\"frm_required\">*<\/span>\r\n    <\/label>\r\n    <input  type=\"text\" id=\"field_6fx26\" name=\"item_meta[74]\" value=\"\"  placeholder=\"+420\" data-reqmsg=\"Dieses Feld darf nicht leer sein.\" aria-required=\"true\" data-invmsg=\"Text is invalid\" aria-invalid=\"false\"   \/>\r\n    \r\n    \r\n<\/div>\n<div id=\"frm_field_75_container\" class=\"frm_form_field form-field  frm_required_field frm_top_container\">\r\n    <label for=\"field_7pukz\" class=\"frm_primary_label\">Bericht\r\n        <span class=\"frm_required\">*<\/span>\r\n    <\/label>\r\n    <textarea name=\"item_meta[75]\" id=\"field_7pukz\" rows=\"5\"  placeholder=\"Dobr\u00fd den,\" data-reqmsg=\"Dieses Feld darf nicht leer sein.\" aria-required=\"true\" data-invmsg=\"Bericht ist ung\u00fcltig\" aria-invalid=\"false\"  ><\/textarea>\r\n    \r\n    \r\n<\/div>\n<div id=\"frm_field_77_container\" class=\"frm_form_field form-field  frm_none_container\">\n    <label  class=\"frm_primary_label\">reCAPTCHA\n        <span class=\"frm_required\"><\/span>\n    <\/label>\n    <div  id=\"field_11wwx\" class=\"g-recaptcha\" data-sitekey=\"6Le0bU8UAAAAAAsobdyO-iaiDk65sCKhzXMNUKpZ\" data-size=\"invisible\" data-theme=\"light\" data-callback=\"frmAfterRecaptcha\"><\/div>\n    \n    \n<\/div>\n<div id=\"frm_field_78_container\" class=\"frm_form_field form-field  frm_required_field frm_none_container vertical_radio\">\n    <div  id=\"field_3ovl2_label\" class=\"frm_primary_label\">\n        <span class=\"frm_required\">*<\/span>\n    <\/div>\n    <div class=\"frm_opt_container\" aria-labelledby=\"field_3ovl2_label\" role=\"group\">\t\t<div class=\"frm_checkbox\" id=\"frm_checkbox_78-0\">\t\t\t<label  for=\"field_3ovl2-0\">\n\t\t\t<input type=\"checkbox\" name=\"item_meta[78][]\" id=\"field_3ovl2-0\" value=\"Souhlas\u00edm se &lt;a href=&quot;https:\/\/www.compact-composite.cz\/wp-content\/uploads\/2019\/06\/INFORMOV\u00c1N\u00cd-O-ZPRACOV\u00c1N\u00cd-OSOBN\u00cdCH-\u00daDAJ\u016e.pdf&quot;&gt;zpracov\u00e1n\u00edm osobn\u00edch \u00fadaj\u016f&lt;\/a&gt;\"  data-reqmsg=\"This field cannot be blank.\" data-invmsg=\"Dieses Feld ist ung\u00fcltig\"   aria-required=\"true\"  \/> Souhlas\u00edm se <a href=\"https:\/\/www.compact-composite.cz\/wp-content\/uploads\/2019\/06\/INFORMOV\u00c1N\u00cd-O-ZPRACOV\u00c1N\u00cd-OSOBN\u00cdCH-\u00daDAJ\u016e.pdf\">zpracov\u00e1n\u00edm osobn\u00edch \u00fadaj\u016f<\/a><\/label><\/div>\n<\/div>\n    \n    \n<\/div>\n\t<input type=\"hidden\" name=\"item_key\" value=\"\" \/>\n\t\t\t<div id=\"frm_field_79_container\">\n\t\t\t<label for=\"field_4cwxe\" >\n\t\t\t\tFalls Du menschlich bist, lasse dieses Feld leer.\t\t\t<\/label>\n\t\t\t<input  id=\"field_4cwxe\" type=\"text\" class=\"frm_form_field form-field frm_verify\" name=\"item_meta[79]\" value=\"\"  \/>\n\t\t<\/div>\n\t\t<input name=\"frm_state\" type=\"hidden\" value=\"EwzrzBWJy3R6Um9WZvI2Q5XbM95\/W46QPqTDUYE65mxjybX1\/r8mmxMy+fFEsjg3\" \/><div class=\"frm_submit\">\r\n\r\n<button class=\"frm_button_submit frm_final_submit\" type=\"submit\"   formnovalidate=\"formnovalidate\">Absenden<\/button>\r\n\r\n<\/div><\/div>\n<\/fieldset>\n<\/div>\n\n<\/form>\n<\/div>\n\n","protected":false},"excerpt":{"rendered":"<p>Bei der RTM Technologie kommt es zum Einspritzen des Harzes zwischen die geschlossenen Formen, in denen im Voraus eine Glasmatte oder eine andere Versteifung eingelegt wird. In die Produktionsformen kann man Edelstahl-, Metall, Holz-, Schaum- oder andere Komponenten einlegen, die zum Beispiel zur Festigkeit eines Produkts dienen. Das Harz wird zwischen die Formen mit Hilfe [&hellip;]<\/p>\n","protected":false},"author":1,"featured_media":0,"parent":170,"menu_order":2,"comment_status":"closed","ping_status":"closed","template":"template-vyrobni-technologie.php","meta":{"_acf_changed":false,"footnotes":""},"class_list":["post-174","page","type-page","status-publish","hentry"],"acf":[],"_links":{"self":[{"href":"https:\/\/www.compact-composite.cz\/de\/wp-json\/wp\/v2\/pages\/174","targetHints":{"allow":["GET"]}}],"collection":[{"href":"https:\/\/www.compact-composite.cz\/de\/wp-json\/wp\/v2\/pages"}],"about":[{"href":"https:\/\/www.compact-composite.cz\/de\/wp-json\/wp\/v2\/types\/page"}],"author":[{"embeddable":true,"href":"https:\/\/www.compact-composite.cz\/de\/wp-json\/wp\/v2\/users\/1"}],"replies":[{"embeddable":true,"href":"https:\/\/www.compact-composite.cz\/de\/wp-json\/wp\/v2\/comments?post=174"}],"version-history":[{"count":4,"href":"https:\/\/www.compact-composite.cz\/de\/wp-json\/wp\/v2\/pages\/174\/revisions"}],"predecessor-version":[{"id":295,"href":"https:\/\/www.compact-composite.cz\/de\/wp-json\/wp\/v2\/pages\/174\/revisions\/295"}],"up":[{"embeddable":true,"href":"https:\/\/www.compact-composite.cz\/de\/wp-json\/wp\/v2\/pages\/170"}],"wp:attachment":[{"href":"https:\/\/www.compact-composite.cz\/de\/wp-json\/wp\/v2\/media?parent=174"}],"curies":[{"name":"wp","href":"https:\/\/api.w.org\/{rel}","templated":true}]}}