{"id":168,"date":"2018-03-28T09:27:39","date_gmt":"2018-03-28T07:27:39","guid":{"rendered":"http:\/\/vx3592500.server2.imperialmedia.cz\/?page_id=168"},"modified":"2018-03-28T09:27:39","modified_gmt":"2018-03-28T07:27:39","slug":"ueber-uns","status":"publish","type":"page","link":"https:\/\/www.compact-composite.cz\/de\/ueber-uns\/","title":{"rendered":"\u00dcber uns"},"content":{"rendered":"<p class=\"western\"><span lang=\"de-DE\">Wir sind tschechischer Hersteller von Teilen und Konstruktionsgruppen aus faserverst\u00e4rktem Kunststoff und Karbon. Unsere Firma wurde 1992 gegr\u00fcndet.<\/span><\/p>\n<p class=\"western\"><span lang=\"de-DE\">Seit Beginn bieten wir dem Kunden den breitm\u00f6glichen Umfang von Dienstleistungen von der Herstellung eines Modells, Formen bis hin zur Serienproduktion an. Wir sind bem\u00fcht, die immer h\u00f6heren Anforderungen an die Qualit\u00e4t der Produkte und des gesamten Produktionsprozesses zu erf\u00fcllen. Wir bearbeiten standardgem\u00e4\u00df Polyester-, Vinylester- und Epoxidharze f\u00fchrender europ\u00e4ischer und internationaler Hersteller. Einen integralen Bestandteil bilden selbstl\u00f6schende Harze, die wir bei der Herstellung von Innen- und Au\u00dfenteilen von Gleisfahrzeugen benutzen.<\/span><\/p>\n<p class=\"western\"><span lang=\"de-DE\">Weiterhin verwenden wir auch Harz-, Aussch\u00e4umungs- oder Polyestergussmassen.<\/span><\/p>\n","protected":false},"excerpt":{"rendered":"<p>Wir sind tschechischer Hersteller von Teilen und Konstruktionsgruppen aus faserverst\u00e4rktem Kunststoff und Karbon. Unsere Firma wurde 1992 gegr\u00fcndet. Seit Beginn bieten wir dem Kunden den breitm\u00f6glichen Umfang von Dienstleistungen von der Herstellung eines Modells, Formen bis hin zur Serienproduktion an. Wir sind bem\u00fcht, die immer h\u00f6heren Anforderungen an die Qualit\u00e4t der Produkte und des gesamten [&hellip;]<\/p>\n","protected":false},"author":1,"featured_media":0,"parent":0,"menu_order":2,"comment_status":"closed","ping_status":"closed","template":"","meta":{"_acf_changed":false,"footnotes":""},"class_list":["post-168","page","type-page","status-publish","hentry"],"acf":[],"_links":{"self":[{"href":"https:\/\/www.compact-composite.cz\/de\/wp-json\/wp\/v2\/pages\/168","targetHints":{"allow":["GET"]}}],"collection":[{"href":"https:\/\/www.compact-composite.cz\/de\/wp-json\/wp\/v2\/pages"}],"about":[{"href":"https:\/\/www.compact-composite.cz\/de\/wp-json\/wp\/v2\/types\/page"}],"author":[{"embeddable":true,"href":"https:\/\/www.compact-composite.cz\/de\/wp-json\/wp\/v2\/users\/1"}],"replies":[{"embeddable":true,"href":"https:\/\/www.compact-composite.cz\/de\/wp-json\/wp\/v2\/comments?post=168"}],"version-history":[{"count":1,"href":"https:\/\/www.compact-composite.cz\/de\/wp-json\/wp\/v2\/pages\/168\/revisions"}],"predecessor-version":[{"id":169,"href":"https:\/\/www.compact-composite.cz\/de\/wp-json\/wp\/v2\/pages\/168\/revisions\/169"}],"wp:attachment":[{"href":"https:\/\/www.compact-composite.cz\/de\/wp-json\/wp\/v2\/media?parent=168"}],"curies":[{"name":"wp","href":"https:\/\/api.w.org\/{rel}","templated":true}]}}